{"id":15292,"date":"2026-04-29T19:32:12","date_gmt":"2026-04-29T19:32:12","guid":{"rendered":"https:\/\/www.entrepose-contracting.com\/?page_id=15292"},"modified":"2026-04-29T21:25:22","modified_gmt":"2026-04-29T21:25:22","slug":"projets","status":"publish","type":"page","link":"https:\/\/www.entrepose-contracting.com\/fr\/projets\/","title":{"rendered":"Nos projets dans le monde"},"content":{"rendered":"\t\t<div data-elementor-type=\"wp-page\" data-elementor-id=\"15292\" class=\"elementor elementor-15292\" data-elementor-post-type=\"page\">\n\t\t\t\t<div data-particle_enable=\"false\" data-particle-mobile-disabled=\"false\" class=\"elementor-element elementor-element-92448fd e-con-full e-flex e-con e-parent\" data-id=\"92448fd\" data-element_type=\"container\" data-e-type=\"container\">\n\t\t<div data-particle_enable=\"false\" data-particle-mobile-disabled=\"false\" class=\"elementor-element elementor-element-28c6b23 e-con-full epm-list-col e-flex e-con e-child\" data-id=\"28c6b23\" data-element_type=\"container\" data-e-type=\"container\">\n\t\t<div data-particle_enable=\"false\" data-particle-mobile-disabled=\"false\" class=\"elementor-element elementor-element-78fffb9 e-con-full e-flex e-con e-child\" data-id=\"78fffb9\" data-element_type=\"container\" data-e-type=\"container\">\n\t\t\t\t<div class=\"elementor-element elementor-element-ce9dcec ent-title blue elementor-invisible elementor-widget elementor-widget-heading\" data-id=\"ce9dcec\" data-element_type=\"widget\" data-e-type=\"widget\" data-settings=\"{&quot;_animation&quot;:&quot;fadeInUp&quot;}\" data-widget_type=\"heading.default\">\n\t\t\t\t<div class=\"elementor-widget-container\">\n\t\t\t\t\t<h2 class=\"elementor-heading-title elementor-size-default\">Nos projets<\/h2>\t\t\t\t<\/div>\n\t\t\t\t<\/div>\n\t\t\t\t<div class=\"elementor-element elementor-element-7cdf647 elementor-widget-widescreen__width-inherit elementor-widget__width-auto ent-title lightblue elementor-invisible elementor-widget elementor-widget-heading\" data-id=\"7cdf647\" data-element_type=\"widget\" data-e-type=\"widget\" data-settings=\"{&quot;_animation&quot;:&quot;fadeInUp&quot;}\" data-widget_type=\"heading.default\">\n\t\t\t\t<div class=\"elementor-widget-container\">\n\t\t\t\t\t<h4 class=\"elementor-heading-title elementor-size-default\">Partout dans le monde<\/h4>\t\t\t\t<\/div>\n\t\t\t\t<\/div>\n\t\t\t\t<div class=\"elementor-element elementor-element-c285645 elementor-widget__width-initial elementor-widget elementor-widget-text-editor\" data-id=\"c285645\" data-element_type=\"widget\" data-e-type=\"widget\" data-widget_type=\"text-editor.default\">\n\t\t\t\t<div class=\"elementor-widget-container\">\n\t\t\t\t\t\t\t\t\t<p>Depuis 90 ans, Entrepose Contracting s\u2019appuie sur pr\u00e8s d\u2019un si\u00e8cle d\u2019exp\u00e9rience et une centaine de projets r\u00e9ussis pour mener \u00e0 bien des projets cryog\u00e9niques complexes dans les environnements parfois les plus complexes. Avec plus de 30 projets r\u00e9alis\u00e9s au cours des 20 derni\u00e8res ann\u00e9es, l\u2019entreprise signe des r\u00e9alisations majeures du cercle polaire aux zones tropicales, de Yamal \u00e0 Bonny Island, en passant par Dunkerque, GATE, Grain ou Wheatstone.<\/p>\t\t\t\t\t\t\t\t<\/div>\n\t\t\t\t<\/div>\n\t\t\t\t<div class=\"elementor-element elementor-element-d6bf60c elementor-widget__width-inherit elementor-widget elementor-widget-epm_projects_filters\" data-id=\"d6bf60c\" data-element_type=\"widget\" data-e-type=\"widget\" data-widget_type=\"epm_projects_filters.default\">\n\t\t\t\t<div class=\"elementor-widget-container\">\n\t\t\t\t\t<div class=\"epm-filters\" id=\"epm-filters-d6bf60c\" data-epm-group=\"default\" data-epm-filters=\"{&quot;filtersId&quot;:&quot;epm-filters-d6bf60c&quot;,&quot;filtersEndpoint&quot;:&quot;https:\\\/\\\/www.entrepose-contracting.com\\\/fr\\\/wp-json\\\/entrepose\\\/v1\\\/filters&quot;,&quot;group&quot;:&quot;default&quot;,&quot;showExpertise&quot;:1,&quot;showYear&quot;:1,&quot;showSearch&quot;:1,&quot;showCountry&quot;:1,&quot;showContrat&quot;:0,&quot;showFeatured&quot;:1,&quot;showReset&quot;:1,&quot;syncMode&quot;:&quot;dynamic&quot;}\"><div class=\"epm-search-wrap\"><input type=\"search\" class=\"epm-search\" data-filter=\"q\" placeholder=\"Rechercher...\" aria-label=\"Rechercher\"><\/div><div class=\"epm-filters-bar\"><div class=\"epm-dd\"><select data-filter=\"country\"><option value=\"\">Localisation<\/option><\/select><\/div><div class=\"epm-dd\"><select data-filter=\"expertise\"><option value=\"\">Expertise<\/option><\/select><\/div><div class=\"epm-dd\"><select data-filter=\"year\"><option value=\"\">Ann\u00e9e<\/option><\/select><\/div><button type=\"button\" class=\"epm-featured-toggle\" data-filter=\"featured\" aria-pressed=\"false\">Focus<\/button><button type=\"button\" class=\"epm-reset\">R\u00e9initialiser<\/button><\/div><\/div>\t\t\t\t<\/div>\n\t\t\t\t<\/div>\n\t\t\t\t<div class=\"elementor-element elementor-element-066bf58 elementor-widget elementor-widget-epm_projects_list\" data-id=\"066bf58\" data-element_type=\"widget\" data-e-type=\"widget\" data-widget_type=\"epm_projects_list.default\">\n\t\t\t\t<div class=\"elementor-widget-container\">\n\t\t\t\t\t<div id=\"epm-list-066bf58\" class=\"epm-list\" data-epm-list=\"{&quot;listId&quot;:&quot;epm-list-066bf58&quot;,&quot;group&quot;:&quot;default&quot;,&quot;markersEndpoint&quot;:&quot;https:\\\/\\\/www.entrepose-contracting.com\\\/fr\\\/wp-json\\\/entrepose\\\/v1\\\/projects-markers?context=list&amp;per_page=6&amp;page=1&quot;,&quot;perPage&quot;:6,&quot;loadAll&quot;:0,&quot;showImage&quot;:1,&quot;showExcerpt&quot;:0,&quot;showLocation&quot;:1,&quot;showExpertise&quot;:1,&quot;showContrat&quot;:0,&quot;showYear&quot;:1,&quot;moreLabel&quot;:&quot;En savoir plus&quot;}\"><\/div>\t\t\t\t<\/div>\n\t\t\t\t<\/div>\n\t\t\t\t<\/div>\n\t\t\t\t<\/div>\n\t\t<div data-particle_enable=\"false\" data-particle-mobile-disabled=\"false\" class=\"elementor-element elementor-element-b704240 e-con-full epm-projects-layout e-flex e-con e-child\" data-id=\"b704240\" data-element_type=\"container\" data-e-type=\"container\">\n\t\t\t\t<div class=\"elementor-element elementor-element-2d21caf elementor-widget elementor-widget-epm_projects_map\" data-id=\"2d21caf\" data-element_type=\"widget\" data-e-type=\"widget\" data-settings=\"{&quot;sticky&quot;:&quot;top&quot;,&quot;sticky_on&quot;:[&quot;widescreen&quot;,&quot;desktop&quot;,&quot;laptop&quot;],&quot;sticky_offset&quot;:0,&quot;sticky_effects_offset&quot;:0,&quot;sticky_anchor_link_offset&quot;:0}\" data-widget_type=\"epm_projects_map.default\">\n\t\t\t\t<div class=\"elementor-widget-container\">\n\t\t\t\t\t<div class=\"epm-map-wrap\" style=\"--epm-sticky-top:0px;\"><div id=\"epm-map-2d21caf\" class=\"epm-map\" data-epm-map=\"{&quot;mapId&quot;:&quot;epm-map-2d21caf&quot;,&quot;group&quot;:&quot;default&quot;,&quot;markersEndpoint&quot;:&quot;https:\\\/\\\/www.entrepose-contracting.com\\\/fr\\\/wp-json\\\/entrepose\\\/v1\\\/projects-markers&quot;,&quot;expertiseFilter&quot;:&quot;&quot;,&quot;yearFilter&quot;:&quot;&quot;,&quot;contratFilter&quot;:&quot;&quot;,&quot;countryFilter&quot;:&quot;&quot;,&quot;q&quot;:&quot;&quot;,&quot;cluster&quot;:0,&quot;showLocation&quot;:1,&quot;showYear&quot;:1,&quot;showPopupImage&quot;:1,&quot;popupShowLocation&quot;:1,&quot;popupShowYear&quot;:1,&quot;popupShowImage&quot;:1,&quot;startMode&quot;:&quot;center&quot;,&quot;startCenter&quot;:{&quot;lat&quot;:48.8566,&quot;lng&quot;:2.3522},&quot;startZoom&quot;:3,&quot;maxFocusZoom&quot;:7,&quot;showExcerpt&quot;:0}\"><\/div><\/div>\t\t\t\t<\/div>\n\t\t\t\t<\/div>\n\t\t\t\t<\/div>\n\t\t\t\t<\/div>\n\t\t\t\t<\/div>\n\t\t","protected":false},"excerpt":{"rendered":"<p>Entrepose Contracting r\u00e9alise des projets \u00e9nerg\u00e9tiques dans le monde : r\u00e9servoirs cryog\u00e9niques GNL, terminaux, stockages et infrastructures EPC\/EPCC<\/p>\n","protected":false},"author":1,"featured_media":0,"parent":0,"menu_order":0,"comment_status":"closed","ping_status":"closed","template":"elementor_header_footer","meta":{"_acf_changed":false,"footnotes":""},"class_list":["post-15292","page","type-page","status-publish","hentry"],"acf":[],"yoast_head":"<!-- This site is optimized with the Yoast SEO plugin v27.5 - https:\/\/yoast.com\/product\/yoast-seo-wordpress\/ -->\n<title>Projets \u00e9nerg\u00e9tiques internationaux | Entrepose Contracting<\/title>\n<meta name=\"description\" content=\"Entrepose Contracting r\u00e9alise des projets \u00e9nerg\u00e9tiques dans le monde : r\u00e9servoirs cryog\u00e9niques GNL, terminaux, stockages et infrastructures EPC\/EPCC\" \/>\n<meta name=\"robots\" content=\"noindex, follow, max-snippet:-1, max-image-preview:large, max-video-preview:-1\" \/>\n<meta property=\"og:locale\" content=\"fr_FR\" \/>\n<meta property=\"og:type\" content=\"article\" \/>\n<meta property=\"og:title\" content=\"Projets \u00e9nerg\u00e9tiques internationaux | Entrepose Contracting\" \/>\n<meta property=\"og:description\" content=\"Entrepose Contracting r\u00e9alise des projets \u00e9nerg\u00e9tiques dans le monde : r\u00e9servoirs cryog\u00e9niques GNL, terminaux, stockages et infrastructures EPC\/EPCC\" \/>\n<meta property=\"og:url\" content=\"https:\/\/www.entrepose-contracting.com\/fr\/projets\/\" \/>\n<meta property=\"og:site_name\" content=\"Entrepose Contracting\" \/>\n<meta property=\"article:modified_time\" content=\"2026-04-29T21:25:22+00:00\" \/>\n<meta name=\"twitter:card\" content=\"summary_large_image\" \/>\n<meta name=\"twitter:label1\" content=\"Dur\u00e9e de lecture estim\u00e9e\" \/>\n\t<meta name=\"twitter:data1\" content=\"1 minute\" \/>\n<script type=\"application\/ld+json\" class=\"yoast-schema-graph\">{\"@context\":\"https:\\\/\\\/schema.org\",\"@graph\":[{\"@type\":\"WebPage\",\"@id\":\"https:\\\/\\\/www.entrepose-contracting.com\\\/fr\\\/projets\\\/\",\"url\":\"https:\\\/\\\/www.entrepose-contracting.com\\\/fr\\\/projets\\\/\",\"name\":\"Projets \u00e9nerg\u00e9tiques internationaux | Entrepose Contracting\",\"isPartOf\":{\"@id\":\"https:\\\/\\\/www.entrepose-contracting.com\\\/fr\\\/#website\"},\"datePublished\":\"2026-04-29T19:32:12+00:00\",\"dateModified\":\"2026-04-29T21:25:22+00:00\",\"description\":\"Entrepose Contracting r\u00e9alise des projets \u00e9nerg\u00e9tiques dans le monde : r\u00e9servoirs cryog\u00e9niques GNL, terminaux, stockages et infrastructures EPC\\\/EPCC\",\"breadcrumb\":{\"@id\":\"https:\\\/\\\/www.entrepose-contracting.com\\\/fr\\\/projets\\\/#breadcrumb\"},\"inLanguage\":\"fr-FR\",\"potentialAction\":[{\"@type\":\"ReadAction\",\"target\":[\"https:\\\/\\\/www.entrepose-contracting.com\\\/fr\\\/projets\\\/\"]}]},{\"@type\":\"BreadcrumbList\",\"@id\":\"https:\\\/\\\/www.entrepose-contracting.com\\\/fr\\\/projets\\\/#breadcrumb\",\"itemListElement\":[{\"@type\":\"ListItem\",\"position\":1,\"name\":\"Accueil\",\"item\":\"https:\\\/\\\/www.entrepose-contracting.com\\\/fr\\\/\"},{\"@type\":\"ListItem\",\"position\":2,\"name\":\"Nos projets dans le monde\"}]},{\"@type\":\"WebSite\",\"@id\":\"https:\\\/\\\/www.entrepose-contracting.com\\\/fr\\\/#website\",\"url\":\"https:\\\/\\\/www.entrepose-contracting.com\\\/fr\\\/\",\"name\":\"Entrepose Contracting - Site staging\",\"description\":\"Construire aujourd&#039;hui les infrastructure de demain\",\"publisher\":{\"@id\":\"https:\\\/\\\/www.entrepose-contracting.com\\\/fr\\\/#organization\"},\"potentialAction\":[{\"@type\":\"SearchAction\",\"target\":{\"@type\":\"EntryPoint\",\"urlTemplate\":\"https:\\\/\\\/www.entrepose-contracting.com\\\/fr\\\/?s={search_term_string}\"},\"query-input\":{\"@type\":\"PropertyValueSpecification\",\"valueRequired\":true,\"valueName\":\"search_term_string\"}}],\"inLanguage\":\"fr-FR\"},{\"@type\":\"Organization\",\"@id\":\"https:\\\/\\\/www.entrepose-contracting.com\\\/fr\\\/#organization\",\"name\":\"Entrepose Contracting - Site staging\",\"url\":\"https:\\\/\\\/www.entrepose-contracting.com\\\/fr\\\/\",\"logo\":{\"@type\":\"ImageObject\",\"inLanguage\":\"fr-FR\",\"@id\":\"https:\\\/\\\/www.entrepose-contracting.com\\\/fr\\\/#\\\/schema\\\/logo\\\/image\\\/\",\"url\":\"https:\\\/\\\/www.entrepose-contracting.com\\\/wp-content\\\/uploads\\\/2025\\\/12\\\/Groupe-425@2x.png\",\"contentUrl\":\"https:\\\/\\\/www.entrepose-contracting.com\\\/wp-content\\\/uploads\\\/2025\\\/12\\\/Groupe-425@2x.png\",\"width\":616,\"height\":108,\"caption\":\"Entrepose Contracting - Site staging\"},\"image\":{\"@id\":\"https:\\\/\\\/www.entrepose-contracting.com\\\/fr\\\/#\\\/schema\\\/logo\\\/image\\\/\"}}]}<\/script>\n<!-- \/ Yoast SEO plugin. -->","yoast_head_json":{"title":"Projets \u00e9nerg\u00e9tiques internationaux | Entrepose Contracting","description":"Entrepose Contracting r\u00e9alise des projets \u00e9nerg\u00e9tiques dans le monde : r\u00e9servoirs cryog\u00e9niques GNL, terminaux, stockages et infrastructures EPC\/EPCC","robots":{"index":"noindex","follow":"follow","max-snippet":"max-snippet:-1","max-image-preview":"max-image-preview:large","max-video-preview":"max-video-preview:-1"},"og_locale":"fr_FR","og_type":"article","og_title":"Projets \u00e9nerg\u00e9tiques internationaux | Entrepose Contracting","og_description":"Entrepose Contracting r\u00e9alise des projets \u00e9nerg\u00e9tiques dans le monde : r\u00e9servoirs cryog\u00e9niques GNL, terminaux, stockages et infrastructures EPC\/EPCC","og_url":"https:\/\/www.entrepose-contracting.com\/fr\/projets\/","og_site_name":"Entrepose Contracting","article_modified_time":"2026-04-29T21:25:22+00:00","twitter_card":"summary_large_image","twitter_misc":{"Dur\u00e9e de lecture estim\u00e9e":"1 minute"},"schema":{"@context":"https:\/\/schema.org","@graph":[{"@type":"WebPage","@id":"https:\/\/www.entrepose-contracting.com\/fr\/projets\/","url":"https:\/\/www.entrepose-contracting.com\/fr\/projets\/","name":"Projets \u00e9nerg\u00e9tiques internationaux | Entrepose Contracting","isPartOf":{"@id":"https:\/\/www.entrepose-contracting.com\/fr\/#website"},"datePublished":"2026-04-29T19:32:12+00:00","dateModified":"2026-04-29T21:25:22+00:00","description":"Entrepose Contracting r\u00e9alise des projets \u00e9nerg\u00e9tiques dans le monde : r\u00e9servoirs cryog\u00e9niques GNL, terminaux, stockages et infrastructures EPC\/EPCC","breadcrumb":{"@id":"https:\/\/www.entrepose-contracting.com\/fr\/projets\/#breadcrumb"},"inLanguage":"fr-FR","potentialAction":[{"@type":"ReadAction","target":["https:\/\/www.entrepose-contracting.com\/fr\/projets\/"]}]},{"@type":"BreadcrumbList","@id":"https:\/\/www.entrepose-contracting.com\/fr\/projets\/#breadcrumb","itemListElement":[{"@type":"ListItem","position":1,"name":"Accueil","item":"https:\/\/www.entrepose-contracting.com\/fr\/"},{"@type":"ListItem","position":2,"name":"Nos projets dans le monde"}]},{"@type":"WebSite","@id":"https:\/\/www.entrepose-contracting.com\/fr\/#website","url":"https:\/\/www.entrepose-contracting.com\/fr\/","name":"Entrepose Contracting - Site staging","description":"Construire aujourd&#039;hui les infrastructure de demain","publisher":{"@id":"https:\/\/www.entrepose-contracting.com\/fr\/#organization"},"potentialAction":[{"@type":"SearchAction","target":{"@type":"EntryPoint","urlTemplate":"https:\/\/www.entrepose-contracting.com\/fr\/?s={search_term_string}"},"query-input":{"@type":"PropertyValueSpecification","valueRequired":true,"valueName":"search_term_string"}}],"inLanguage":"fr-FR"},{"@type":"Organization","@id":"https:\/\/www.entrepose-contracting.com\/fr\/#organization","name":"Entrepose Contracting - Site staging","url":"https:\/\/www.entrepose-contracting.com\/fr\/","logo":{"@type":"ImageObject","inLanguage":"fr-FR","@id":"https:\/\/www.entrepose-contracting.com\/fr\/#\/schema\/logo\/image\/","url":"https:\/\/www.entrepose-contracting.com\/wp-content\/uploads\/2025\/12\/Groupe-425@2x.png","contentUrl":"https:\/\/www.entrepose-contracting.com\/wp-content\/uploads\/2025\/12\/Groupe-425@2x.png","width":616,"height":108,"caption":"Entrepose Contracting - Site staging"},"image":{"@id":"https:\/\/www.entrepose-contracting.com\/fr\/#\/schema\/logo\/image\/"}}]}},"_links":{"self":[{"href":"https:\/\/www.entrepose-contracting.com\/fr\/wp-json\/wp\/v2\/pages\/15292","targetHints":{"allow":["GET"]}}],"collection":[{"href":"https:\/\/www.entrepose-contracting.com\/fr\/wp-json\/wp\/v2\/pages"}],"about":[{"href":"https:\/\/www.entrepose-contracting.com\/fr\/wp-json\/wp\/v2\/types\/page"}],"author":[{"embeddable":true,"href":"https:\/\/www.entrepose-contracting.com\/fr\/wp-json\/wp\/v2\/users\/1"}],"replies":[{"embeddable":true,"href":"https:\/\/www.entrepose-contracting.com\/fr\/wp-json\/wp\/v2\/comments?post=15292"}],"version-history":[{"count":62,"href":"https:\/\/www.entrepose-contracting.com\/fr\/wp-json\/wp\/v2\/pages\/15292\/revisions"}],"predecessor-version":[{"id":15375,"href":"https:\/\/www.entrepose-contracting.com\/fr\/wp-json\/wp\/v2\/pages\/15292\/revisions\/15375"}],"wp:attachment":[{"href":"https:\/\/www.entrepose-contracting.com\/fr\/wp-json\/wp\/v2\/media?parent=15292"}],"curies":[{"name":"wp","href":"https:\/\/api.w.org\/{rel}","templated":true}]}}